{"id":6,"date":"2014-08-31T21:26:05","date_gmt":"2014-08-31T19:26:05","guid":{"rendered":"http:\/\/osbyalg.se\/?page_id=6"},"modified":"2026-04-05T20:18:56","modified_gmt":"2026-04-05T18:18:56","slug":"hem","status":"publish","type":"page","link":"https:\/\/osbyalg.se\/","title":{"rendered":"Hem"},"content":{"rendered":"<div id=\"mainContent\"><!--div id=\"frontimage\"><a href=\"http:\/\/media1.osbyalg.se\/2015\/02\/test2M.jpg\"><img decoding=\"async\" class=\"alignnone wp-image-209\" src=\"http:\/\/media1.osbyalg.se\/2015\/02\/test2M.jpg\" alt=\"test2\u00c4lg\" width=\"600\" \/><\/a><\/div>\n\n\n--><\/p>\n<div id=\"frontimage\"><a href=\"http:\/\/osbyalg.se\/wp-content\/uploads\/2015\/02\/test2M.jpg\"><img decoding=\"async\" class=\"alignnone wp-image-209\" src=\"http:\/\/osbyalg.se\/wp-content\/uploads\/2015\/02\/test2M.jpg\" alt=\"test2\u00c4lg\" width=\"500\"><\/a><\/div>\n<div id=\"news\">\n<h3>Nyheter<\/h3>\n<p>Helgen den 11-12 april 2026 ska provytorna f\u00f6r spillningsinventeringen inventeras. Underlag f\u00f6r varje jaktlag finner du  <a href=\"https:\/\/osbyalg.se\/?page_id=2607\">h\u00e4r.<\/a><br \/>\nRapporteringen skall ske senast Onsdagen den 15 april 2026.<\/p>\n<h5>2026-04-05<\/h5>\n<\/div>\n<p><!--########################################################### AVLYSNINGSTABELL #########################################################-->;<\/p>\n<div id=\" avlysning\" =\"\"=\"\" style=\"margin-left: 8%;\">\n<!--p style=\"color: red;\">OBS! Gl\u00f6m inte att skicka in jaktresultat-blanketten \u00e4ven om ni inte skjutit n\u00e5got, och betala f\u00e4llavgift.--><br \/>\n<!--table id=\"table\" style=\"height: 125px;\" width=\"549\">\n\n\n<tbody>\n\n\n<tr>\n\n\n<td class=\"boldstyle\"><\/td>\n\n\n\n\n<td class=\"boldstyle\">F\u00e4llda djur<\/td>\n\n\n\n\n<td class=\"boldstyle\">Total tilldelning<\/td>\n\n\n\n\n<td class=\"boldstyle\">Avlysningsinformation<\/td>\n\n\n<\/tr>\n\n\n\n\n<tr>\n\n\n<td>Hondjur<\/td>\n\n\n\n\n<td style=\"color: black;\">3 st<\/td>\n\n\n\n\n<td style=\"color: black;\">2 st<\/td>\n\n\n\n\n<td style=\"color: red;\">Jakten avlyst<\/td>\n\n\n<\/tr>\n\n\n\n\n<tr>\n\n\n<td>Tjurar<\/td>\n\n\n\n\n<td style=\"color: black;\">5 st<\/td>\n\n\n\n\n<td style=\"color: black;\">5 st<\/td>\n\n\n\n\n<td style=\"color: red;\">Jakten avlyst<\/td>\n\n\n<\/tr>\n\n\n\n\n<tr>\n\n\n<td>Kalvar<\/td>\n\n\n\n\n<td style=\"color: black;\">9 st<\/td>\n\n\n\n\n<td style=\"color: black;\">8 st<\/td>\n\n\n\n\n<td style=\"color: red;\">Jakten avlyst<\/td>\n\n\n<\/tr>\n\n\n<\/tbody>\n\n\n<\/table>\n\n\nSenast uppdaterad: 2025-11-05 kl. 19:33 (Tabellen uppdateras vid f\u00f6r\u00e4ndring)-->;<br \/>\n<!-- ############################################################################################################################################# --><\/p>\n<p><!-- ################################################# KALENDER ############################################################################<\/div>\n\n\n\n\n<p id=\"kalender\">\n\n\n<h3>Kalender<\/h3>\n\n\n\n\n<table id=\"table\">\n\n\n<tbody>\n\n\n<tr>\n\n\n<td>H\u00e4ndelse<\/td>\n\n\n\n\n<td>Datum<\/td>\n\n\n\n\n<td>Tid<\/td>\n\n\n\n\n<td>Plats<\/td>\n\n\n<\/tr>\n\n\n\n\n<tr>\n\n\n<td>Mark\u00e4garm\u00f6te<\/td>\n\n\n\n\n<td>10 mars 2015<\/td>\n\n\n\n\n<td>19:00<\/td>\n\n\n\n\n<td>Naturbruksgymnasiet<\/td>\n\n\n<\/tr>\n\n\n\n\n<tr>\n\n\n<td>\u00c5rsm\u00f6te<\/td>\n\n\n\n\n<td>24 februari 2015<\/td>\n\n\n\n\n<td>19:00<\/td>\n\n\n\n\n<td>Naturbruksgymnasiet<\/td>\n\n\n<\/tr>\n\n\n\n\n<tr>\n\n\n<td>Rensa provytor f\u00f6r spillningsinventering<\/td>\n\n\n\n\n<td>15-16 november 2014<\/td>\n\n\n\n\n<td>-<\/td>\n\n\n\n\n<td>-<\/td>\n\n\n<\/tr>\n\n\n\n\n<tr>\n\n\n<td>\u00c4lgjaktstart<\/td>\n\n\n\n\n<td>25 oktober 2014<\/td>\n\n\n\n\n<td>-<\/td>\n\n\n\n\n<td>-<\/td>\n\n\n<\/tr>\n\n\n<\/tbody>\n\n\n<\/table>\n\n\n############################################################################################################################################# --><\/p>\n<\/div>\n<\/div>\n","protected":false},"excerpt":{"rendered":"Nyheter Helgen den 11-12 april 2026 ska provytorna f\u00f6r spillningsinventeringen inventeras. Underlag f\u00f6r varje jaktlag finner du h\u00e4r. Rapporteringen skall ske senast Onsdagen den 15 april 2026. 2026-04-05 ; ;","protected":false},"author":1,"featured_media":0,"parent":0,"menu_order":0,"comment_status":"open","ping_status":"open","template":"","meta":[],"_links":{"self":[{"href":"https:\/\/osbyalg.se\/index.php?rest_route=\/wp\/v2\/pages\/6"}],"collection":[{"href":"https:\/\/osbyalg.se\/index.php?rest_route=\/wp\/v2\/pages"}],"about":[{"href":"https:\/\/osbyalg.se\/index.php?rest_route=\/wp\/v2\/types\/page"}],"author":[{"embeddable":true,"href":"https:\/\/osbyalg.se\/index.php?rest_route=\/wp\/v2\/users\/1"}],"replies":[{"embeddable":true,"href":"https:\/\/osbyalg.se\/index.php?rest_route=%2Fwp%2Fv2%2Fcomments&post=6"}],"version-history":[{"count":858,"href":"https:\/\/osbyalg.se\/index.php?rest_route=\/wp\/v2\/pages\/6\/revisions"}],"predecessor-version":[{"id":2613,"href":"https:\/\/osbyalg.se\/index.php?rest_route=\/wp\/v2\/pages\/6\/revisions\/2613"}],"wp:attachment":[{"href":"https:\/\/osbyalg.se\/index.php?rest_route=%2Fwp%2Fv2%2Fmedia&parent=6"}],"curies":[{"name":"wp","href":"https:\/\/api.w.org\/{rel}","templated":true}]}}