{"id":542,"date":"2016-04-30T17:49:44","date_gmt":"2016-04-30T15:49:44","guid":{"rendered":"http:\/\/osbyalg.se\/?page_id=542"},"modified":"2025-03-12T20:58:40","modified_gmt":"2025-03-12T19:58:40","slug":"aldersbestamning","status":"publish","type":"page","link":"https:\/\/osbyalg.se\/?page_id=542","title":{"rendered":"\u00c5ldersbest\u00e4mning"},"content":{"rendered":"<nav class=\"submenu\">\n<ul>\n<li><a href=\"http:\/\/osbyalg.se\/?page_id=16\">\u00c4lgobservationer och Totalresultat<\/a><\/li>\n<li><a href=\"http:\/\/osbyalg.se\/?page_id=542\">\u00c5ldersbest\u00e4mning<\/a><\/li>\n<li><a href=\"http:\/\/osbyalg.se\/?page_id=33\">Spillningsinventering<\/a><\/li>\n<li><a href=\"http:\/\/osbyalg.se\/?page_id=19\">\u00c4lgsk\u00f6tselplan<\/a><\/li>\n<li><a href=\"http:\/\/osbyalg.se\/?page_id=25\">Blanketter<\/a><\/li>\n<li><a href=\"http:\/\/osbyalg.se\/?page_id=31\">\u00d6vrigt<\/a><\/li>\n<\/ul>\n<\/nav>\n<div id=\"mainContent_dokument\">\n<div id=\"dokument\">\n<h3>Vikt och \u00c5ldersbest\u00e4mmningar<\/h3>\n<ul>\n<li><a href=\"https:\/\/osbyalg.se\/wp-content\/uploads\/2025\/03\/Osby-norra-24-25.pdf\">Vikt och \u00e5ldersbest\u00e4mningar 2025 (PDF)<\/a><\/li>\n<li><a href=\"https:\/\/osbyalg.se\/wp-content\/uploads\/2024\/04\/O-N.pdf\">Vikt och \u00e5ldersbest\u00e4mningar 2024 (PDF)<\/a><\/li>\n<li><a href=\"https:\/\/osbyalg.se\/wp-content\/uploads\/2023\/05\/Arbetsdok-alder-gjvk-2022-23.pdf\">Vikt och \u00e5ldersbest\u00e4mningar 2023 (PDF)<\/a><\/li>\n<li><a href=\"https:\/\/osbyalg.se\/wp-content\/uploads\/2023\/05\/Arbetsdok-alder-gjvk-2022-23-0sby-N.pdf\">Vikt och \u00e5ldersbest\u00e4mningar 2022 (PDF)<\/a><\/li>\n<li><a href=\"https:\/\/osbyalg.se\/wp-content\/uploads\/2022\/04\/aldersbedomning-gjvk-2021-22-klar-22-03-11pdf.pdf\">Vikt och \u00e5ldersbest\u00e4mningar 2021 (PDF)<\/a><\/li>\n<li><a href=\"https:\/\/osbyalg.se\/wp-content\/uploads\/2021\/03\/Arbetsdok-alder-gjvk-2020-21-1.xlsx\">Vikt och \u00e5ldersbest\u00e4mningar 2020 (Excel)<\/a><\/li>\n<li><a href=\"https:\/\/osbyalg.se\/wp-content\/uploads\/2021\/03\/Aldersbestamda-algar-2019.xlsx\">Vikt och \u00e5ldersbest\u00e4mningar 2019 (Excel)<\/a><\/li>\n<li><a href=\"https:\/\/osbyalg.se\/wp-content\/uploads\/2019\/10\/\u00c5ldersbest\u00e4mda-\u00e4lgar-2018.xlsx\">Vikt och \u00e5ldersbest\u00e4mningar 2018 (Excel)<\/a><\/li>\n<li><a href=\"https:\/\/osbyalg.se\/wp-content\/uploads\/2018\/05\/\u00c5ldersbest\u00e4mda-\u00e4lgar-2017-18.xlsx\">Vikt och \u00e5ldersbest\u00e4mningar 2017 (Excel)<\/a><\/li>\n<li><a href=\"http:\/\/osbyalg.se\/wp-content\/uploads\/2017\/10\/\u00c5ldersbest\u00e4mning-osby-norra-2016-17.xlsx\">Vikt och \u00e5ldersbest\u00e4mningar 2016  (Excel)<\/a><\/li>\n<li><a href=\"http:\/\/osbyalg.se\/wp-content\/uploads\/2016\/04\/\u00c5ldersbest\u00e4mda-2015.xlsx\">Vikt och \u00e5ldersbest\u00e4mningar 2015 (Excel)<\/a><\/li>\n<li><a href=\"http:\/\/osbyalg.se\/wp-content\/uploads\/2015\/10\/\u00c5lder-\u00e4lgar-Osby-Norrra-2013-och-2014.pdf\">Vikt och \u00e5ldersbest\u00e4mningar 2013 och 2014 (PDF)<\/a><\/li>\n<li><a href=\"http:\/\/osbyalg.se\/wp-content\/uploads\/2015\/10\/\u00c5lder-\u00e4lgar-Osby-Norrra-2013-och-2014.xlsx\">Vikt och \u00e5ldersbest\u00e4mningar 2013 och 2014 (Excel)<\/a><\/li>\n<li><a href=\"http:\/\/osbyalg.se\/wp-content\/uploads\/2014\/08\/ViktAlder00-04.pdf\">Vikt och \u00e5ldersbest\u00e4mningar 2000 &#8211; 2004<\/a><\/li>\n<li><a href=\"http:\/\/osbyalg.se\/wp-content\/uploads\/2014\/08\/ViktAlder00-03.pdf\">Vikt och \u00e5ldersbest\u00e4mningar 2000 &#8211; 2003<\/a><\/li>\n<\/ul>\n<\/div>\n<div id=\"dokument\">\n<h3>K\u00e4kar<\/h3>\n<ul>\n<li><a href=\"http:\/\/osbyalg.se\/wp-content\/uploads\/2014\/08\/kakar2000.pdf\">K\u00e4kar 2000<\/a><\/li>\n<li><a href=\"http:\/\/osbyalg.se\/wp-content\/uploads\/2014\/08\/kakar1999.pdf\">K\u00e4kar 1999<\/a><\/li>\n<li><a href=\"http:\/\/osbyalg.se\/wp-content\/uploads\/2014\/08\/kakar1998.pdf\">K\u00e4kar 1998<\/a><\/li>\n<li><a href=\"http:\/\/osbyalg.se\/wp-content\/uploads\/2014\/08\/kakar1997.pdf\">K\u00e4kar 1997<\/a><\/li>\n<\/ul>\n<\/div>\n<\/div>\n","protected":false},"excerpt":{"rendered":"\u00c4lgobservationer och Totalresultat \u00c5ldersbest\u00e4mning Spillningsinventering \u00c4lgsk\u00f6tselplan Blanketter \u00d6vrigt Vikt och \u00c5ldersbest\u00e4mmningar Vikt och \u00e5ldersbest\u00e4mningar 2025 (PDF) Vikt och \u00e5ldersbest\u00e4mningar 2024 (PDF) Vikt och \u00e5ldersbest\u00e4mningar 2023 (PDF) Vikt och \u00e5ldersbest\u00e4mningar 2022 (PDF) Vikt och \u00e5ldersbest\u00e4mningar 2021 (PDF) Vikt och \u00e5ldersbest\u00e4mningar 2020 (Excel) Vikt och \u00e5ldersbest\u00e4mningar 2019 (Excel) Vikt och \u00e5ldersbest\u00e4mningar 2018 (Excel) Vikt och \u00e5ldersbest\u00e4mningar 2017&#8230; <a class=\"view-article\" href=\"https:\/\/osbyalg.se\/?page_id=542\">View Article<\/a>","protected":false},"author":2,"featured_media":0,"parent":14,"menu_order":0,"comment_status":"closed","ping_status":"closed","template":"","meta":[],"_links":{"self":[{"href":"https:\/\/osbyalg.se\/index.php?rest_route=\/wp\/v2\/pages\/542"}],"collection":[{"href":"https:\/\/osbyalg.se\/index.php?rest_route=\/wp\/v2\/pages"}],"about":[{"href":"https:\/\/osbyalg.se\/index.php?rest_route=\/wp\/v2\/types\/page"}],"author":[{"embeddable":true,"href":"https:\/\/osbyalg.se\/index.php?rest_route=\/wp\/v2\/users\/2"}],"replies":[{"embeddable":true,"href":"https:\/\/osbyalg.se\/index.php?rest_route=%2Fwp%2Fv2%2Fcomments&post=542"}],"version-history":[{"count":21,"href":"https:\/\/osbyalg.se\/index.php?rest_route=\/wp\/v2\/pages\/542\/revisions"}],"predecessor-version":[{"id":2464,"href":"https:\/\/osbyalg.se\/index.php?rest_route=\/wp\/v2\/pages\/542\/revisions\/2464"}],"up":[{"embeddable":true,"href":"https:\/\/osbyalg.se\/index.php?rest_route=\/wp\/v2\/pages\/14"}],"wp:attachment":[{"href":"https:\/\/osbyalg.se\/index.php?rest_route=%2Fwp%2Fv2%2Fmedia&parent=542"}],"curies":[{"name":"wp","href":"https:\/\/api.w.org\/{rel}","templated":true}]}}