{"id":39,"date":"2014-08-31T21:52:30","date_gmt":"2014-08-31T19:52:30","guid":{"rendered":"http:\/\/osbyalg.se\/?page_id=39"},"modified":"2018-01-25T22:09:19","modified_gmt":"2018-01-25T21:09:19","slug":"algskotselomradet","status":"publish","type":"page","link":"https:\/\/osbyalg.se\/?page_id=39","title":{"rendered":"\u00c4lgsk\u00f6tselomr\u00e5det"},"content":{"rendered":"<div id=\"mainContent\">\n<p>Osby Norra \u00e4lgsk\u00f6tselomr\u00e5de bildades 1996.\u00a0Syftet var att genom v\u00e5r lokala k\u00e4nnedom \u00f6ka kvalit\u00e9n p\u00e5 \u00e4lgstammen och b\u00e4ttre anpassad avskjutning.<\/p>\n<p>Vid starten ingick 24 lag med ca 12000 hektar . Idag ing\u00e5r 49 lag och ca 20500 hektar.<\/p>\n<p>De 10 f\u00f6rsta \u00e5ren till\u00e4mpades konventionell arealtilldelning med tagginskr\u00e4nkningar p\u00e5 tjurar d\u00e4r tjurar mellan 4 och 8 taggar sparades. Resultatet blev att antalet kapitala tjurar \u00f6kade men d\u00e4remot fick vi inte \u00f6kat antal kor med dubbelkalvar eller \u00f6kande kalvvikter.<\/p>\n<p>De senaste 8 s\u00e4songerna har \u00e4lgsk\u00f6tseln varit inriktad p\u00e5 att \u00f6ka medel\u00e5ldern p\u00e5 de vuxna djuren och \u00f6ka tjurandelen. Under perioden 2006-2008 sk\u00f6ts i stort sett enbart kalvar f\u00f6r att f\u00e5 upp medel\u00e5ldern i stammen men ej \u00f6ka antalet \u00e4lgar. P\u00e5 detta s\u00e4tt hoppas vi f\u00f6rb\u00e4ttra kvalitativa egenskaper i form av reproduktionsf\u00f6rm\u00e5ga, medelvikter samt att skapa f\u00f6ruts\u00e4ttning f\u00f6r kapitala tjurar.<\/p>\n<p>Vi f\u00f6ljer noggrant resultaten av \u00e4lgobservationer och \u00e5rliga spillningsinventeringar f\u00f6r att, med principen om avlysningsjakt, kunna styra avskjutning till att ha s\u00e5 bra kontroll som m\u00f6jligt p\u00e5 hur \u00e4lgstammen utvecklas.<\/p>\n<p>&nbsp;<\/p>\n<\/div>\n<div id=\"omradetbild\"><a href=\"http:\/\/osbyalg.se\/wp-content\/uploads\/2015\/02\/DSCN0566.jpg\"><img decoding=\"async\" class=\"  wp-image-212 alignright\" src=\"http:\/\/osbyalg.se\/wp-content\/uploads\/2015\/02\/DSCN0566.jpg\" alt=\"Bilden kan inte laddas!\" width=\"700\"\/><\/a><\/div>\n","protected":false},"excerpt":{"rendered":"Osby Norra \u00e4lgsk\u00f6tselomr\u00e5de bildades 1996.\u00a0Syftet var att genom v\u00e5r lokala k\u00e4nnedom \u00f6ka kvalit\u00e9n p\u00e5 \u00e4lgstammen och b\u00e4ttre anpassad avskjutning. Vid starten ingick 24 lag med ca 12000 hektar . Idag ing\u00e5r 49 lag och ca 20500 hektar. De 10 f\u00f6rsta \u00e5ren till\u00e4mpades konventionell arealtilldelning med tagginskr\u00e4nkningar p\u00e5 tjurar d\u00e4r tjurar mellan 4 och 8 taggar&#8230; <a class=\"view-article\" href=\"https:\/\/osbyalg.se\/?page_id=39\">View Article<\/a>","protected":false},"author":1,"featured_media":0,"parent":0,"menu_order":4,"comment_status":"open","ping_status":"open","template":"","meta":[],"_links":{"self":[{"href":"https:\/\/osbyalg.se\/index.php?rest_route=\/wp\/v2\/pages\/39"}],"collection":[{"href":"https:\/\/osbyalg.se\/index.php?rest_route=\/wp\/v2\/pages"}],"about":[{"href":"https:\/\/osbyalg.se\/index.php?rest_route=\/wp\/v2\/types\/page"}],"author":[{"embeddable":true,"href":"https:\/\/osbyalg.se\/index.php?rest_route=\/wp\/v2\/users\/1"}],"replies":[{"embeddable":true,"href":"https:\/\/osbyalg.se\/index.php?rest_route=%2Fwp%2Fv2%2Fcomments&post=39"}],"version-history":[{"count":12,"href":"https:\/\/osbyalg.se\/index.php?rest_route=\/wp\/v2\/pages\/39\/revisions"}],"predecessor-version":[{"id":896,"href":"https:\/\/osbyalg.se\/index.php?rest_route=\/wp\/v2\/pages\/39\/revisions\/896"}],"wp:attachment":[{"href":"https:\/\/osbyalg.se\/index.php?rest_route=%2Fwp%2Fv2%2Fmedia&parent=39"}],"curies":[{"name":"wp","href":"https:\/\/api.w.org\/{rel}","templated":true}]}}