{"id":37,"date":"2014-08-31T21:51:58","date_gmt":"2014-08-31T19:51:58","guid":{"rendered":"http:\/\/osbyalg.se\/?page_id=37"},"modified":"2018-01-25T22:06:59","modified_gmt":"2018-01-25T21:06:59","slug":"lankar","status":"publish","type":"page","link":"https:\/\/osbyalg.se\/?page_id=37","title":{"rendered":"L\u00e4nkar"},"content":{"rendered":"<div id=\"mainContent\">\n<div id=\"links\">\n<ul>\n<li><a href=\"http:\/\/www.lansstyrelsen.se\/skane\">L\u00e4nsstyrelsen Sk\u00e5ne<\/a><\/li>\n<li><a href=\"http:\/\/www.viltdata.se\">Viltdata<\/a><\/li>\n<li><a href=\"http:\/\/jagareforbundet.se\">J\u00e4garef\u00f6rbundet<\/a><\/li>\n<li><a href=\"http:\/\/www.naturvardsverket.se\/\">Naturv\u00e5rdsverket<\/a><\/li>\n<li><a href=\"http:\/\/www.klart.se\/v%C3%A4der-osby.html\">V\u00e4der, Solens upp- och nedg\u00e5ng<\/a><\/li>\n<\/ul>\n<p>&nbsp;<\/p>\n<div id=\"lankbild\"><a href=\"http:\/\/wp-content\/uploads\/2015\/02\/IMG_2061.jpg\"><img decoding=\"async\" loading=\"lazy\" class=\"  wp-image-212 alignright\" src=\"http:\/\/wp-content\/uploads\/2015\/02\/IMG_2061-250x188.jpg\" alt=\"Bilden kan inte laddas!\" width=\"308\" height=\"231\" srcset=\"https:\/\/osbyalg.se\/wp-content\/uploads\/2015\/02\/IMG_2061-250x188.jpg 250w, https:\/\/osbyalg.se\/wp-content\/uploads\/2015\/02\/IMG_2061-700x525.jpg 700w, https:\/\/osbyalg.se\/wp-content\/uploads\/2015\/02\/IMG_2061-120x90.jpg 120w\" sizes=\"(max-width: 308px) 100vw, 308px\" \/><\/a><\/div>\n<\/div>\n<\/div>\n","protected":false},"excerpt":{"rendered":"L\u00e4nsstyrelsen Sk\u00e5ne Viltdata J\u00e4garef\u00f6rbundet Naturv\u00e5rdsverket V\u00e4der, Solens upp- och nedg\u00e5ng &nbsp;","protected":false},"author":1,"featured_media":0,"parent":0,"menu_order":3,"comment_status":"open","ping_status":"open","template":"","meta":[],"_links":{"self":[{"href":"https:\/\/osbyalg.se\/index.php?rest_route=\/wp\/v2\/pages\/37"}],"collection":[{"href":"https:\/\/osbyalg.se\/index.php?rest_route=\/wp\/v2\/pages"}],"about":[{"href":"https:\/\/osbyalg.se\/index.php?rest_route=\/wp\/v2\/types\/page"}],"author":[{"embeddable":true,"href":"https:\/\/osbyalg.se\/index.php?rest_route=\/wp\/v2\/users\/1"}],"replies":[{"embeddable":true,"href":"https:\/\/osbyalg.se\/index.php?rest_route=%2Fwp%2Fv2%2Fcomments&post=37"}],"version-history":[{"count":8,"href":"https:\/\/osbyalg.se\/index.php?rest_route=\/wp\/v2\/pages\/37\/revisions"}],"predecessor-version":[{"id":892,"href":"https:\/\/osbyalg.se\/index.php?rest_route=\/wp\/v2\/pages\/37\/revisions\/892"}],"wp:attachment":[{"href":"https:\/\/osbyalg.se\/index.php?rest_route=%2Fwp%2Fv2%2Fmedia&parent=37"}],"curies":[{"name":"wp","href":"https:\/\/api.w.org\/{rel}","templated":true}]}}