{"id":2607,"date":"2026-04-05T20:11:12","date_gmt":"2026-04-05T18:11:12","guid":{"rendered":"https:\/\/osbyalg.se\/?page_id=2607"},"modified":"2026-04-05T20:19:56","modified_gmt":"2026-04-05T18:19:56","slug":"spillningsinventering-2026","status":"publish","type":"page","link":"https:\/\/osbyalg.se\/?page_id=2607","title":{"rendered":"Spillningsinventering 2026"},"content":{"rendered":"<nav class=\"submenu\">\n<ul>\n<li><a href=\"http:\/\/osbyalg.se\/?page_id=16\">\u00c4lgobservationer och Totalresultat<\/a><\/li>\n<li><a href=\"http:\/\/osbyalg.se\/?page_id=542\">\u00c5ldersbest\u00e4mning<\/a><\/li>\n<li><a href=\"http:\/\/osbyalg.se\/?page_id=33\">Spillningsinventering<\/a><\/li>\n<li><a href=\"http:\/\/osbyalg.se\/?page_id=19\">\u00c4lgsk\u00f6tselplan<\/a><\/li>\n<li><a href=\"http:\/\/osbyalg.se\/?page_id=25\">Blanketter<\/a><\/li>\n<li><a href=\"http:\/\/osbyalg.se\/?page_id=31\">\u00d6vrigt<\/a><\/li>\n<\/ul>\n<\/nav>\n<div id=\"mainContent_dokument\">\n<div id=\"dokument\">\n<h3>Spillningsinventering 2026<\/h3>\n<p><!--ul>\n \t\n\n<li><a href=\"https:\/\/osbyalg.se\/wp-content\/uploads\/2025\/05\/RESULTAT-2025-Final.pdf\">Sammanst\u00e4llning spillningsinventering 2025<\/a><\/li>\n\n\n<\/ul-->\n<ul>\n<li><a href=\"https:\/\/osbyalg.se\/wp-content\/uploads\/2026\/04\/01-Torup-D-K.xlsx\">Torup-D-K<\/a><\/li>\n<li><a href=\"https:\/\/osbyalg.se\/wp-content\/uploads\/2026\/04\/05-Huskab.xlsx\">Huskab<\/a><\/li>\n<li><a href=\"https:\/\/osbyalg.se\/wp-content\/uploads\/2026\/04\/06-Holma.xlsx\">Holma<\/a><\/li>\n<li><a href=\"https:\/\/osbyalg.se\/wp-content\/uploads\/2026\/04\/07-Gunnanga.xlsx\">Gunn\u00e4nga<\/a><\/li>\n<li><a href=\"https:\/\/osbyalg.se\/wp-content\/uploads\/2026\/04\/08-Bjorkeras-Kylen-.xlsx\">Bj\u00f6rker\u00e5s-Kylen<\/a><\/li>\n<li><a href=\"https:\/\/osbyalg.se\/wp-content\/uploads\/2026\/04\/11-Mjobygget.xlsx\">Mj\u00f6bygget<\/a><\/li>\n<li><a href=\"https:\/\/osbyalg.se\/wp-content\/uploads\/2026\/04\/13-Killeboda-2.xlsx\">Killeboda 2<\/a><\/li>\n<li><a href=\"https:\/\/osbyalg.se\/wp-content\/uploads\/2026\/04\/14-Killeboda-1.xlsx\">Killeboda 1<\/a><\/li>\n<li><a href=\"https:\/\/osbyalg.se\/wp-content\/uploads\/2026\/04\/15-Boalt.xlsx\">Boalt<\/a><\/li>\n<li><a href=\"https:\/\/osbyalg.se\/wp-content\/uploads\/2026\/04\/17-Lindhult-G.xlsx\">Lindhult<\/a><\/li>\n<li><a href=\"https:\/\/osbyalg.se\/wp-content\/uploads\/2026\/04\/18-Ostanboke.xlsx\">\u00d6stanb\u00f6ke<\/a><\/li>\n<li><a href=\"https:\/\/osbyalg.se\/wp-content\/uploads\/2026\/04\/19-Hoghult-Marestorp.xlsx\">H\u00f6ghult-Marestorp<\/a><\/li>\n<li><a href=\"https:\/\/osbyalg.se\/wp-content\/uploads\/2026\/04\/20-Slahult.xlsx\">Sl\u00e4hult<\/a><\/li>\n<li><a href=\"https:\/\/osbyalg.se\/wp-content\/uploads\/2026\/04\/21-Svinon.xlsx\">Svin\u00f6n<\/a><\/li>\n<li><a href=\"https:\/\/osbyalg.se\/wp-content\/uploads\/2026\/04\/22-Vran.xlsx\">Vr\u00e5n<\/a><\/li>\n<li><a href=\"https:\/\/osbyalg.se\/wp-content\/uploads\/2026\/04\/24-Lilla-Krabblerod.xlsx\">Lilla Kr\u00e4bbler\u00f6d<\/a><\/li>\n<li><a href=\"https:\/\/osbyalg.se\/wp-content\/uploads\/2026\/04\/26-Abrolla.xlsx\">\u00c5brolla<\/a><\/li>\n<li><a href=\"https:\/\/osbyalg.se\/wp-content\/uploads\/2026\/04\/27-Toalycke.xlsx\">Toalycke<\/a><\/li>\n<li><a href=\"https:\/\/osbyalg.se\/wp-content\/uploads\/2026\/04\/29-Hultaberg.xlsx\">Hultaberg<\/a><\/li>\n<li><a href=\"https:\/\/osbyalg.se\/wp-content\/uploads\/2026\/04\/30-Svenstorp.xlsx\">Svenstorp<\/a><\/li>\n<li><a href=\"https:\/\/osbyalg.se\/wp-content\/uploads\/2026\/04\/31-Kalhult-Kulhult.xlsx\">Kalhult-Kulhult<\/a><\/li>\n<li><a href=\"https:\/\/osbyalg.se\/wp-content\/uploads\/2026\/04\/32-Hesslehult-Sond.xlsx\">Hesslehult S\u00f6nd<\/a><\/li>\n<li><a href=\"https:\/\/osbyalg.se\/wp-content\/uploads\/2026\/04\/33-Alvsjodal.xlsx\">\u00c4lvsj\u00f6dal<\/a><\/li>\n<li><a href=\"https:\/\/osbyalg.se\/wp-content\/uploads\/2026\/04\/34-Norraryd.xlsx\">Norraryd<\/a><\/li>\n<li><a href=\"https:\/\/osbyalg.se\/wp-content\/uploads\/2026\/04\/36-Ekerod.xlsx\">Eker\u00f6d<\/a><\/li>\n<li><a href=\"https:\/\/osbyalg.se\/wp-content\/uploads\/2026\/04\/37-Ostra-Svenstorp.xlsx\">\u00d6stra Svenstorp<\/a><\/li>\n<li><a href=\"https:\/\/osbyalg.se\/wp-content\/uploads\/2026\/04\/38-Loshult-sydvastra.xlsx\">Loshult sydv\u00e4stra<\/a><\/li>\n<li><a href=\"https:\/\/osbyalg.se\/wp-content\/uploads\/2026\/04\/39-Vigenstorp.xlsx\">Vigenstorp<\/a><\/li>\n<li><a href=\"https:\/\/osbyalg.se\/wp-content\/uploads\/2026\/04\/43-Bjornligan.xlsx\">Bj\u00f6rnligan<\/a><\/li>\n<li><a href=\"https:\/\/osbyalg.se\/wp-content\/uploads\/2026\/04\/45-Bosakulla-Fargeshult.xlsx\">B\u00f6sakulla-F\u00e4rgeshult<\/a><\/li>\n<li><a href=\"https:\/\/osbyalg.se\/wp-content\/uploads\/2026\/04\/48-Hamsarp.xlsx\">Hamsarp<\/a><\/li>\n<li><a href=\"https:\/\/osbyalg.se\/wp-content\/uploads\/2026\/04\/50-Morkhult.xlsx\">M\u00f6rkhult<\/a><\/li>\n<li><a href=\"https:\/\/osbyalg.se\/wp-content\/uploads\/2026\/04\/51-Roena.xlsx\">R\u00f6ena<\/a><\/li>\n<\/ul>\n<\/div>\n<\/div>\n","protected":false},"excerpt":{"rendered":"\u00c4lgobservationer och Totalresultat \u00c5ldersbest\u00e4mning Spillningsinventering \u00c4lgsk\u00f6tselplan Blanketter \u00d6vrigt Spillningsinventering 2026 Torup-D-K Huskab Holma Gunn\u00e4nga Bj\u00f6rker\u00e5s-Kylen Mj\u00f6bygget Killeboda 2 Killeboda 1 Boalt Lindhult \u00d6stanb\u00f6ke H\u00f6ghult-Marestorp Sl\u00e4hult Svin\u00f6n Vr\u00e5n Lilla Kr\u00e4bbler\u00f6d \u00c5brolla Toalycke Hultaberg Svenstorp Kalhult-Kulhult Hesslehult S\u00f6nd \u00c4lvsj\u00f6dal Norraryd Eker\u00f6d \u00d6stra Svenstorp Loshult sydv\u00e4stra Vigenstorp Bj\u00f6rnligan B\u00f6sakulla-F\u00e4rgeshult Hamsarp M\u00f6rkhult R\u00f6ena","protected":false},"author":1,"featured_media":0,"parent":33,"menu_order":11,"comment_status":"closed","ping_status":"closed","template":"","meta":[],"_links":{"self":[{"href":"https:\/\/osbyalg.se\/index.php?rest_route=\/wp\/v2\/pages\/2607"}],"collection":[{"href":"https:\/\/osbyalg.se\/index.php?rest_route=\/wp\/v2\/pages"}],"about":[{"href":"https:\/\/osbyalg.se\/index.php?rest_route=\/wp\/v2\/types\/page"}],"author":[{"embeddable":true,"href":"https:\/\/osbyalg.se\/index.php?rest_route=\/wp\/v2\/users\/1"}],"replies":[{"embeddable":true,"href":"https:\/\/osbyalg.se\/index.php?rest_route=%2Fwp%2Fv2%2Fcomments&post=2607"}],"version-history":[{"count":3,"href":"https:\/\/osbyalg.se\/index.php?rest_route=\/wp\/v2\/pages\/2607\/revisions"}],"predecessor-version":[{"id":2614,"href":"https:\/\/osbyalg.se\/index.php?rest_route=\/wp\/v2\/pages\/2607\/revisions\/2614"}],"up":[{"embeddable":true,"href":"https:\/\/osbyalg.se\/index.php?rest_route=\/wp\/v2\/pages\/33"}],"wp:attachment":[{"href":"https:\/\/osbyalg.se\/index.php?rest_route=%2Fwp%2Fv2%2Fmedia&parent=2607"}],"curies":[{"name":"wp","href":"https:\/\/api.w.org\/{rel}","templated":true}]}}