{"id":1591,"date":"2020-04-07T19:33:34","date_gmt":"2020-04-07T17:33:34","guid":{"rendered":"https:\/\/osbyalg.se\/?page_id=1591"},"modified":"2020-05-12T21:03:36","modified_gmt":"2020-05-12T19:03:36","slug":"spillningsinventering-2020","status":"publish","type":"page","link":"https:\/\/osbyalg.se\/?page_id=1591","title":{"rendered":"Spillningsinventering 2020"},"content":{"rendered":"<nav class=\"submenu\">\n<ul>\n<li><a href=\"http:\/\/osbyalg.se\/?page_id=16\">\u00c4lgobservationer och Totalresultat<\/a><\/li>\n<li><a href=\"http:\/\/osbyalg.se\/?page_id=542\">\u00c5ldersbest\u00e4mning<\/a><\/li>\n<li><a href=\"http:\/\/osbyalg.se\/?page_id=33\">Spillningsinventering<\/a><\/li>\n<li><a href=\"http:\/\/osbyalg.se\/?page_id=19\">\u00c4lgsk\u00f6tselplan<\/a><\/li>\n<li><a href=\"http:\/\/osbyalg.se\/?page_id=25\">Blanketter<\/a><\/li>\n<li><a href=\"http:\/\/osbyalg.se\/?page_id=31\">\u00d6vrigt<\/a><\/li>\n<\/ul>\n<\/nav>\n<div id=\"mainContent_dokument\">\n<div id=\"dokument\">\n<h3>Spillningsinventering 2020<\/h3>\n<ul>\n<li><a href=\"https:\/\/osbyalg.se\/wp-content\/uploads\/2020\/05\/Sum-spill-2020.pdf\">Sammanst\u00e4llning spillningsinventering 2020<\/a><\/li>\n<\/ul>\n<p><!--ul>\n \t\n\n<li><a href=\"https:\/\/osbyalg.se\/wp-content\/uploads\/2020\/04\/Bj\u00f6rker\u00e5s.xls\">Bj\u00f6rker\u00e5s<\/a><\/li>\n\n\n \t\n\n<li><a href=\"https:\/\/osbyalg.se\/wp-content\/uploads\/2020\/04\/Bj\u00f6rnligan.xls\">Bj\u00f6rnligan<\/a><\/li>\n\n\n \t\n\n<li><a href=\"https:\/\/osbyalg.se\/wp-content\/uploads\/2020\/04\/Boalt.xls\">Boalt<\/a><\/li>\n\n\n \t\n\n<li><a href=\"https:\/\/osbyalg.se\/wp-content\/uploads\/2020\/04\/Bok\u00f6n.xls\">Bok\u00f6n<\/a><\/li>\n\n\n \t\n\n<li><a href=\"https:\/\/osbyalg.se\/wp-content\/uploads\/2020\/04\/B\u00f6sakulla-F\u00e4rgeshult.xlsx\">B\u00f6sakulla-F\u00e4rgeshult<\/a><\/li>\n\n\n \t\n\n<li><a href=\"https:\/\/osbyalg.se\/wp-content\/uploads\/2020\/04\/Eker\u00f6d.xls\">Eker\u00f6d<\/a><\/li>\n\n\n \t\n\n<li><a href=\"https:\/\/osbyalg.se\/wp-content\/uploads\/2020\/04\/Gunn\u00e4nga.xls\">Gunn\u00e4nga<\/a><\/li>\n\n\n \t\n\n<li><a href=\"https:\/\/osbyalg.se\/wp-content\/uploads\/2020\/04\/Hamsarp.xls\">Hamsarp<\/a><\/li>\n\n\n \t\n\n<li><a href=\"https:\/\/osbyalg.se\/wp-content\/uploads\/2020\/04\/Hesslehult-S\u00f6nd.xls\">Hesslehult S\u00f6nd<\/a><\/li>\n\n\n \t\n\n<li><a href=\"https:\/\/osbyalg.se\/wp-content\/uploads\/2020\/04\/Holma.xls\">Holma<\/a><\/li>\n\n\n \t\n\n<li><a href=\"https:\/\/osbyalg.se\/wp-content\/uploads\/2020\/04\/Hultaberg.xls\">Hultaberg<\/a><\/li>\n\n\n \t\n\n<li><a href=\"https:\/\/osbyalg.se\/wp-content\/uploads\/2019\/03\/H\u00f6ghult-Marestorp.xls\">H\u00f6ghult-Marestorp<\/a><\/li>\n\n\n \t\n\n<li><a href=\"https:\/\/osbyalg.se\/wp-content\/uploads\/2020\/04\/Ismyren.xls\">Ismyren<\/a><\/li>\n\n\n \t\n\n<li><a href=\"https:\/\/osbyalg.se\/wp-content\/uploads\/2020\/04\/Kalhult-Kulhult.xlsx\">Kalhult-Kulhult<\/a><\/li>\n\n\n \t\n\n<li><a href=\"https:\/\/osbyalg.se\/wp-content\/uploads\/2020\/04\/Killeboda-1.xls\">Killeboda 1<\/a><\/li>\n\n\n \t\n\n<li><a href=\"https:\/\/osbyalg.se\/wp-content\/uploads\/2020\/04\/Killeboda-8.xls\">Killeboda 8<\/a><\/li>\n\n\n \t\n\n<li><a href=\"https:\/\/osbyalg.se\/wp-content\/uploads\/2020\/04\/Knaggag\u00e5rden.xls\">Knaggag\u00e5rden<\/a><\/li>\n\n\n \t\n\n<li><a href=\"https:\/\/osbyalg.se\/wp-content\/uploads\/2019\/03\/Lilla-Sl\u00e4hult.xls\">Lilla Sl\u00e4hult<\/a><\/li>\n\n\n \t\n\n<li><a href=\"https:\/\/osbyalg.se\/wp-content\/uploads\/2020\/04\/Lindhult-G.xls\">Lindhult<\/a><\/li>\n\n\n \t\n\n<li><a href=\"https:\/\/osbyalg.se\/wp-content\/uploads\/2020\/04\/Loshult-sydv\u00e4stra.xls\">Loshult sydv\u00e4stra<\/a><\/li>\n\n\n \t\n\n<li><a href=\"https:\/\/osbyalg.se\/wp-content\/uploads\/2020\/04\/Mj\u00f6bygget.xls\">Mj\u00f6bygget<\/a><\/li>\n\n\n \t\n\n<li><a href=\"https:\/\/osbyalg.se\/wp-content\/uploads\/2020\/04\/M\u00f6rkhult.xlsx\">M\u00f6rkhult<\/a><\/li>\n\n\n \t\n\n<li><a href=\"https:\/\/osbyalg.se\/wp-content\/uploads\/2020\/04\/Naturbruksgymnasiet.xls\">Naturbruksgymnasiet<\/a><\/li>\n\n\n \t\n\n<li><a href=\"https:\/\/osbyalg.se\/wp-content\/uploads\/2020\/04\/Sl\u00e4hult.xls\">Sl\u00e4hult<\/a><\/li>\n\n\n \t\n\n<li><a href=\"https:\/\/osbyalg.se\/wp-content\/uploads\/2020\/04\/Svenstorp.xlsx\">Svenstorp<\/a><\/li>\n\n\n \t\n\n<li><a href=\"https:\/\/osbyalg.se\/wp-content\/uploads\/2020\/04\/Svin\u00f6n.xls\">Svin\u00f6n<\/a><\/li>\n\n\n \t\n\n<li><a href=\"https:\/\/osbyalg.se\/wp-content\/uploads\/2020\/04\/Tj\u00e4rdalen.xls\">Tj\u00e4rdalen<\/a><\/li>\n\n\n \t\n\n<li><a href=\"https:\/\/osbyalg.se\/wp-content\/uploads\/2020\/04\/Toalycke.xls\">Toalycke<\/a><\/li>\n\n\n \t\n\n<li><a href=\"https:\/\/osbyalg.se\/wp-content\/uploads\/2020\/04\/Torup-D-K.xlsx\">Torup-D-K<\/a><\/li>\n\n\n \t\n\n<li><a href=\"https:\/\/osbyalg.se\/wp-content\/uploads\/2020\/04\/Tubbarp.xls\">Tubbarp<\/a><\/li>\n\n\n \t\n\n<li><a href=\"https:\/\/osbyalg.se\/wp-content\/uploads\/2020\/04\/Vr\u00e5n.xls\">Vr\u00e5n<\/a><\/li>\n\n\n \t\n\n<li><a href=\"https:\/\/osbyalg.se\/wp-content\/uploads\/2020\/04\/\u00c5brolla.xls\">\u00c5brolla<\/a><\/li>\n\n\n \t\n\n<li><a href=\"https:\/\/osbyalg.se\/wp-content\/uploads\/2020\/04\/\u00c4lvsj\u00f6dal.xls\">\u00c4lvsj\u00f6dal<\/a><\/li>\n\n\n \t\n\n<li><a href=\"https:\/\/osbyalg.se\/wp-content\/uploads\/2020\/04\/\u00d6stanb\u00f6ke.xls\">\u00d6stanb\u00f6ke<\/a><\/li>\n\n\n \t\n\n<li><a href=\"https:\/\/osbyalg.se\/wp-content\/uploads\/2020\/04\/\u00d6stra-Svenstorp.xlsx\">\u00d6stra-Svenstorp<\/a><\/li>\n\n\n<\/ul-->\n<\/div>\n<\/div>\n","protected":false},"excerpt":{"rendered":"\u00c4lgobservationer och Totalresultat \u00c5ldersbest\u00e4mning Spillningsinventering \u00c4lgsk\u00f6tselplan Blanketter \u00d6vrigt Spillningsinventering 2020 Sammanst\u00e4llning spillningsinventering 2020","protected":false},"author":1,"featured_media":0,"parent":33,"menu_order":0,"comment_status":"closed","ping_status":"closed","template":"","meta":[],"_links":{"self":[{"href":"https:\/\/osbyalg.se\/index.php?rest_route=\/wp\/v2\/pages\/1591"}],"collection":[{"href":"https:\/\/osbyalg.se\/index.php?rest_route=\/wp\/v2\/pages"}],"about":[{"href":"https:\/\/osbyalg.se\/index.php?rest_route=\/wp\/v2\/types\/page"}],"author":[{"embeddable":true,"href":"https:\/\/osbyalg.se\/index.php?rest_route=\/wp\/v2\/users\/1"}],"replies":[{"embeddable":true,"href":"https:\/\/osbyalg.se\/index.php?rest_route=%2Fwp%2Fv2%2Fcomments&post=1591"}],"version-history":[{"count":8,"href":"https:\/\/osbyalg.se\/index.php?rest_route=\/wp\/v2\/pages\/1591\/revisions"}],"predecessor-version":[{"id":1605,"href":"https:\/\/osbyalg.se\/index.php?rest_route=\/wp\/v2\/pages\/1591\/revisions\/1605"}],"up":[{"embeddable":true,"href":"https:\/\/osbyalg.se\/index.php?rest_route=\/wp\/v2\/pages\/33"}],"wp:attachment":[{"href":"https:\/\/osbyalg.se\/index.php?rest_route=%2Fwp%2Fv2%2Fmedia&parent=1591"}],"curies":[{"name":"wp","href":"https:\/\/api.w.org\/{rel}","templated":true}]}}