{"id":14,"date":"2014-08-31T21:38:50","date_gmt":"2014-08-31T19:38:50","guid":{"rendered":"http:\/\/osbyalg.se\/?page_id=14"},"modified":"2021-10-01T20:53:24","modified_gmt":"2021-10-01T18:53:24","slug":"dokument","status":"publish","type":"page","link":"https:\/\/osbyalg.se\/?page_id=14","title":{"rendered":"Dokument"},"content":{"rendered":"<nav class=\"submenu\">\n<ul>\n<li><a href=\"http:\/\/osbyalg.se\/?page_id=16\">\u00c4lgobservationer och Totalresultat<\/a><\/li>\n<li><a href=\"http:\/\/osbyalg.se\/?page_id=542\">\u00c5ldersbest\u00e4mning<\/a><\/li>\n<li><a href=\"http:\/\/osbyalg.se\/?page_id=33\">Spillningsinventering<\/a><\/li>\n<li><a href=\"http:\/\/osbyalg.se\/?page_id=19\">\u00c4lgsk\u00f6tselplan<\/a><\/li>\n<li><a href=\"http:\/\/osbyalg.se\/?page_id=25\">Blanketter<\/a><\/li>\n<li><a href=\"http:\/\/osbyalg.se\/?page_id=31\">\u00d6vrigt<\/a><\/li>\n<\/ul>\n<\/nav>\n<div id=\"mainContent_dokument\">\n<h3>Dokument<\/h3>\n<p>H\u00e4r finns alla \u00e4lgsk\u00f6tselomr\u00e5dets dokument, v\u00e4lj sida i menyn till v\u00e4nster.<\/p>\n<p><!--a href=\"https:\/\/osbyalg.se\/wp-content\/uploads\/2020\/10\/Avskjutningsbestammelser-2020.pdf\">Avskjutningsbest\u00e4mmelser 2020<\/a--><\/p>\n<\/div>\n","protected":false},"excerpt":{"rendered":"\u00c4lgobservationer och Totalresultat \u00c5ldersbest\u00e4mning Spillningsinventering \u00c4lgsk\u00f6tselplan Blanketter \u00d6vrigt Dokument H\u00e4r finns alla \u00e4lgsk\u00f6tselomr\u00e5dets dokument, v\u00e4lj sida i menyn till v\u00e4nster.","protected":false},"author":1,"featured_media":0,"parent":0,"menu_order":1,"comment_status":"open","ping_status":"open","template":"","meta":[],"_links":{"self":[{"href":"https:\/\/osbyalg.se\/index.php?rest_route=\/wp\/v2\/pages\/14"}],"collection":[{"href":"https:\/\/osbyalg.se\/index.php?rest_route=\/wp\/v2\/pages"}],"about":[{"href":"https:\/\/osbyalg.se\/index.php?rest_route=\/wp\/v2\/types\/page"}],"author":[{"embeddable":true,"href":"https:\/\/osbyalg.se\/index.php?rest_route=\/wp\/v2\/users\/1"}],"replies":[{"embeddable":true,"href":"https:\/\/osbyalg.se\/index.php?rest_route=%2Fwp%2Fv2%2Fcomments&post=14"}],"version-history":[{"count":23,"href":"https:\/\/osbyalg.se\/index.php?rest_route=\/wp\/v2\/pages\/14\/revisions"}],"predecessor-version":[{"id":1871,"href":"https:\/\/osbyalg.se\/index.php?rest_route=\/wp\/v2\/pages\/14\/revisions\/1871"}],"wp:attachment":[{"href":"https:\/\/osbyalg.se\/index.php?rest_route=%2Fwp%2Fv2%2Fmedia&parent=14"}],"curies":[{"name":"wp","href":"https:\/\/api.w.org\/{rel}","templated":true}]}}